{"id":324738,"date":"2026-02-09T13:55:11","date_gmt":"2026-02-09T18:55:11","guid":{"rendered":"https:\/\/donnaconachrysler.com\/?page_id=324738"},"modified":"2026-03-30T13:30:54","modified_gmt":"2026-03-30T17:30:54","slug":"dealer-offers","status":"publish","type":"page","link":"https:\/\/donnaconachrysler.com\/en\/offers\/dealer-offers\/","title":{"rendered":"Dealer Offers"},"content":{"rendered":"\n<section class=\"wp-block-stereo-section-bloc section-block-normal\"><div class=\"wp-block-stereo-section__container\"><div class=\"wp-block-stereo-section__col is-layout-flow wp-block-stereo-section-bloc-is-layout-flow\">\n<div  class=\"\">\n    <div class=\"grid grid-cols-12 gap-gutter\">\n                    <div class=\"col-span-12 sm:col-span-6\">\n                <div class=\"border border-neutral-300 text-center h-full flex flex-col\">\n                                                                    <div class=\"o-responsive-img\"  style=\"padding-top:51.612903225806%;\"><img decoding=\"async\" width=\"1240\" height=\"640\" src=\"https:\/\/donnaconachrysler.com\/app\/uploads\/2026\/03\/2024-10-15-roulezvie-chrysler-1.jpg\" class=\"\" alt=\"2024 10 15 roulezvie chrysler\" loading=\"lazy\" sizes=\"auto, (max-width: 375px) 190px, (max-width: 769px) 384px, (max-width: 1000px) 500px, (max-width: 1441px) 720px\" srcset=\"https:\/\/donnaconachrysler.com\/app\/uploads\/2026\/03\/2024-10-15-roulezvie-chrysler-1.jpg 1240w, https:\/\/donnaconachrysler.com\/app\/uploads\/2026\/03\/2024-10-15-roulezvie-chrysler-1-900x465.jpg 900w, https:\/\/donnaconachrysler.com\/app\/uploads\/2026\/03\/2024-10-15-roulezvie-chrysler-1-768x396.jpg 768w\" \/><\/div>                                        <div class=\"p-unit-sm space-y-unit-sm flex-1 flex flex-col\">\n                        <h2 class=\"heading-sm\">Roulez pour la vie<\/h2>\n                        <p>Engine protection for up to 10 years or 200,000 km, whichever comes first, starting from the vehicle&#8217;s original in-service date. The holder must comply with the maintenance intervals prescribed by the manufacturer for the protection to be valid.<\/p>\n                                                    <div class=\"mt-unit-xs! flex-grow-1 flex flex-col items-center justify-end\">\n                                                                <a href=\"\/nous-joindre\/\" target=\"\"\n                                    class=\"o-button \"\n                                    data-title=\"Roulez pour la vie\">En savoir plus    <svg class=\"o-ico \">\r\n        <use xlink:href=\"https:\/\/donnaconachrysler.com\/app\/themes\/DealerTone\/images\/sprite.svg?v=0.0.79986964#chevron-right\"><\/use>\r\n    <\/svg>\r\n<\/a>\n                            <\/div>\n                                            <\/div>\n                <\/div>\n            <\/div>\n                    <div class=\"col-span-12 sm:col-span-6\">\n                <div class=\"border border-neutral-300 text-center h-full flex flex-col\">\n                                                                    <div class=\"o-responsive-img\"  style=\"padding-top:51.612903225806%;\"><img decoding=\"async\" width=\"1240\" height=\"640\" src=\"https:\/\/donnaconachrysler.com\/app\/uploads\/2026\/03\/2024-10-15-roulezelectrique-chrysler-1.jpg\" class=\"\" alt=\"2024 10 15 roulezelectrique chrysler\" loading=\"lazy\" sizes=\"auto, (max-width: 375px) 190px, (max-width: 769px) 384px, (max-width: 1000px) 500px, (max-width: 1441px) 720px\" srcset=\"https:\/\/donnaconachrysler.com\/app\/uploads\/2026\/03\/2024-10-15-roulezelectrique-chrysler-1.jpg 1240w, https:\/\/donnaconachrysler.com\/app\/uploads\/2026\/03\/2024-10-15-roulezelectrique-chrysler-1-900x465.jpg 900w, https:\/\/donnaconachrysler.com\/app\/uploads\/2026\/03\/2024-10-15-roulezelectrique-chrysler-1-768x396.jpg 768w\" \/><\/div>                                        <div class=\"p-unit-sm space-y-unit-sm flex-1 flex flex-col\">\n                        <h2 class=\"heading-sm\">Roulez \u00e9lectrique<\/h2>\n                        <p>Annual credit of $150 applicable to your oil and engine filter changes performed at one of the Le Prix du Gros group mechanical workshops, as long as you are the sole owner of the vehicle. Available on vehicles 10 years old and under. Certain conditions apply. Details at the dealership.<\/p>\n<p><span class=\"rnc2Gd\" data-ast-node-id=\"2\">+<\/span><\/p>\n<p><span class=\"rnc2Gd\" data-ast-node-id=\"3\">Annual credit of $150 applicable to your oil and engine filter changes performed at one of the Le Prix du Gros group mechanical workshops, as long as you are the sole owner of the vehicle. <\/span><\/p>\n<p><span class=\"rnc2Gd\" data-ast-node-id=\"3\">Available on vehicles 10 years old and under. Certain conditions apply. Details at the dealership<\/span><\/p>\n                                                    <div class=\"mt-unit-xs! flex-grow-1 flex flex-col items-center justify-end\">\n                                                                <a href=\"\/nous-joindre\/\" target=\"\"\n                                    class=\"o-button \"\n                                    data-title=\"Roulez \u00e9lectrique\">En savoir plus    <svg class=\"o-ico \">\r\n        <use xlink:href=\"https:\/\/donnaconachrysler.com\/app\/themes\/DealerTone\/images\/sprite.svg?v=0.0.79986964#chevron-right\"><\/use>\r\n    <\/svg>\r\n<\/a>\n                            <\/div>\n                                            <\/div>\n                <\/div>\n            <\/div>\n                    <div class=\"col-span-12 sm:col-span-6\">\n                <div class=\"border border-neutral-300 text-center h-full flex flex-col\">\n                                                                    <div class=\"o-responsive-img\"  style=\"padding-top:51.612903225806%;\"><img decoding=\"async\" width=\"1240\" height=\"640\" src=\"https:\/\/donnaconachrysler.com\/app\/uploads\/2026\/03\/2024-10-15-protectionplus-chrysler-1.jpg\" class=\"\" alt=\"2024 10 15 protectionplus chrysler\" loading=\"lazy\" sizes=\"auto, (max-width: 375px) 190px, (max-width: 769px) 384px, (max-width: 1000px) 500px, (max-width: 1441px) 720px\" srcset=\"https:\/\/donnaconachrysler.com\/app\/uploads\/2026\/03\/2024-10-15-protectionplus-chrysler-1.jpg 1240w, https:\/\/donnaconachrysler.com\/app\/uploads\/2026\/03\/2024-10-15-protectionplus-chrysler-1-900x465.jpg 900w, https:\/\/donnaconachrysler.com\/app\/uploads\/2026\/03\/2024-10-15-protectionplus-chrysler-1-768x396.jpg 768w\" \/><\/div>                                        <div class=\"p-unit-sm space-y-unit-sm flex-1 flex flex-col\">\n                        <h2 class=\"heading-sm\">Protection Plus<\/h2>\n                        <p><span class=\"rnc2Gd\" data-ast-node-id=\"11\">An anti-perforation warranty extended to 10 years which ensures that your vehicle&#8217;s body will be free from perforation due to rust during the ten years following the vehicle&#8217;s in-service date.<\/span><\/p>\n<p><span class=\"rnc2Gd\" data-ast-node-id=\"12\">+<\/span><\/p>\n<p><span class=\"rnc2Gd\" data-ast-node-id=\"13\">Free Aquapel windshield treatment during a visit to the service department of one of the Le Prix du Gros group dealerships.<\/span><\/p>\n<p><span class=\"rnc2Gd\" data-ast-node-id=\"14\">+<\/span><\/p>\n<p><span class=\"rnc2Gd\" data-ast-node-id=\"15\">$40 credit applicable on an aesthetic package during a visit to the service department of one of the Le Prix du Gros group dealerships. Available on new vehicles only. Certain conditions apply. Details at the dealership.<\/span><\/p>\n                                                    <div class=\"mt-unit-xs! flex-grow-1 flex flex-col items-center justify-end\">\n                                                                <a href=\"\/nous-joindre\/\" target=\"\"\n                                    class=\"o-button \"\n                                    data-title=\"Protection Plus\">En savoir plus    <svg class=\"o-ico \">\r\n        <use xlink:href=\"https:\/\/donnaconachrysler.com\/app\/themes\/DealerTone\/images\/sprite.svg?v=0.0.79986964#chevron-right\"><\/use>\r\n    <\/svg>\r\n<\/a>\n                            <\/div>\n                                            <\/div>\n                <\/div>\n            <\/div>\n                    <div class=\"col-span-12 sm:col-span-6\">\n                <div class=\"border border-neutral-300 text-center h-full flex flex-col\">\n                                                                    <div class=\"o-responsive-img\"  style=\"padding-top:51.618122977346%;\"><img decoding=\"async\" width=\"1236\" height=\"638\" src=\"https:\/\/donnaconachrysler.com\/app\/uploads\/2026\/03\/2025-11-26-coequipier-enfant-1.jpg\" class=\"\" alt=\"2025 11 26 coequipier enfant\" loading=\"lazy\" sizes=\"auto, (max-width: 375px) 190px, (max-width: 769px) 384px, (max-width: 1000px) 500px, (max-width: 1441px) 720px\" srcset=\"https:\/\/donnaconachrysler.com\/app\/uploads\/2026\/03\/2025-11-26-coequipier-enfant-1.jpg 1236w, https:\/\/donnaconachrysler.com\/app\/uploads\/2026\/03\/2025-11-26-coequipier-enfant-1-900x465.jpg 900w, https:\/\/donnaconachrysler.com\/app\/uploads\/2026\/03\/2025-11-26-coequipier-enfant-1-768x396.jpg 768w\" \/><\/div>                                        <div class=\"p-unit-sm space-y-unit-sm flex-1 flex flex-col\">\n                        <h2 class=\"heading-sm\">Mon co\u00e9quipier &#8211; Faites \u00e9quipe avec nous, c&#8217;est payant!<\/h2>\n                        <p>Do you know a relative, friend, or work colleague who wants to buy a new vehicle? Refer them to us and receive a $200 check for each referred person who purchases a vehicle from us. Start referring now! Certain conditions apply. Details at the dealership.<\/p>\n                                                    <div class=\"mt-unit-xs! flex-grow-1 flex flex-col items-center justify-end\">\n                                                                <a href=\"https:\/\/moncoequipier.com\/\" target=\"_blank\"\n                                    class=\"o-button \"\n                                    data-title=\"Mon co\u00e9quipier - Faites \u00e9quipe avec nous, c'est payant!\">Commencer \u00e0 r\u00e9f\u00e9rer    <svg class=\"o-ico \">\r\n        <use xlink:href=\"https:\/\/donnaconachrysler.com\/app\/themes\/DealerTone\/images\/sprite.svg?v=0.0.79986964#chevron-right\"><\/use>\r\n    <\/svg>\r\n<\/a>\n                            <\/div>\n                                            <\/div>\n                <\/div>\n            <\/div>\n            <\/div>\n<\/div><\/div><\/div><\/section>\n","protected":false},"excerpt":{"rendered":"","protected":false},"author":1,"featured_media":0,"parent":2357,"menu_order":0,"comment_status":"closed","ping_status":"closed","template":"","meta":{"_acf_changed":false,"slim_seo":{"title":"Dealer Offers - Donnacona Chrysler","description":""},"footnotes":""},"class_list":["post-324738","page","type-page","status-publish","hentry"],"acf":[],"_links":{"self":[{"href":"https:\/\/donnaconachrysler.com\/en\/wp-json\/wp\/v2\/pages\/324738","targetHints":{"allow":["GET"]}}],"collection":[{"href":"https:\/\/donnaconachrysler.com\/en\/wp-json\/wp\/v2\/pages"}],"about":[{"href":"https:\/\/donnaconachrysler.com\/en\/wp-json\/wp\/v2\/types\/page"}],"author":[{"embeddable":true,"href":"https:\/\/donnaconachrysler.com\/en\/wp-json\/wp\/v2\/users\/1"}],"replies":[{"embeddable":true,"href":"https:\/\/donnaconachrysler.com\/en\/wp-json\/wp\/v2\/comments?post=324738"}],"version-history":[{"count":1,"href":"https:\/\/donnaconachrysler.com\/en\/wp-json\/wp\/v2\/pages\/324738\/revisions"}],"predecessor-version":[{"id":324739,"href":"https:\/\/donnaconachrysler.com\/en\/wp-json\/wp\/v2\/pages\/324738\/revisions\/324739"}],"up":[{"embeddable":true,"href":"https:\/\/donnaconachrysler.com\/en\/wp-json\/wp\/v2\/pages\/2357"}],"wp:attachment":[{"href":"https:\/\/donnaconachrysler.com\/en\/wp-json\/wp\/v2\/media?parent=324738"}],"curies":[{"name":"wp","href":"https:\/\/api.w.org\/{rel}","templated":true}]}}