{"id":2365,"date":"2026-01-02T15:03:54","date_gmt":"2026-01-02T20:03:54","guid":{"rendered":"https:\/\/stereoto.stereodev.ca\/privacy-policy-2\/"},"modified":"2026-01-02T15:03:54","modified_gmt":"2026-01-02T20:03:54","slug":"privacy-policy-2","status":"publish","type":"page","link":"https:\/\/donnaconachrysler.com\/en\/privacy-policy-2\/","title":{"rendered":"Privacy Policy"},"content":{"rendered":"<div class=\"c-section-gutenberg -classic c-text\">Cet avis de confidentialit\u00e9 est une politique de protection des renseignements personnels qui d\u00e9crit comment HGr\u00e9goire, une entreprise, collecte, utilise et prot\u00e8ge les renseignements personnels des utilisateurs de ses services. L&#8217;avis couvre les droits des utilisateurs, la collecte et l&#8217;utilisation des renseignements personnels, la s\u00e9curit\u00e9, les mesures de s\u00e9curit\u00e9, et la mani\u00e8re dont les utilisateurs peuvent contacter le responsable de la protection des renseignements personnels.<\/p>\n<p>Voici les points cl\u00e9s de l&#8217;avis :<\/p>\n<p>1. **Collecte et utilisation des renseignements personnels** : HGr\u00e9goire collecte les renseignements personnels des utilisateurs pour des fins telles que la gestion et l&#8217;administration de ses produits et services, la communication avec les utilisateurs, et la fourniture de services personnalis\u00e9s.<br \/>\n2. **Consentement** : Les utilisateurs doivent donner leur consentement avant que HGr\u00e9goire puisse collecter et utiliser leurs renseignements personnels. Les utilisateurs peuvent retirer leur consentement \u00e0 tout moment.<br \/>\n3. **S\u00e9curit\u00e9** : HGr\u00e9goire applique des mesures de s\u00e9curit\u00e9 pour prot\u00e9ger les renseignements personnels des utilisateurs contre la perte ou le vol, l&#8217;acc\u00e8s, l&#8217;utilisation ou la communication non autoris\u00e9s.<br \/>\n4. **Droits des utilisateurs** : Les utilisateurs ont le droit de consulter leurs renseignements personnels, de les rectifier, d&#8217;y apporter des modifications, de demander des informations et de d\u00e9poser des plaintes si les traitements ne sont pas conformes aux principes \u00e9nonc\u00e9s dans l&#8217;avis et aux lois et r\u00e8glements applicables en mati\u00e8re de protection des renseignements personnels.<br \/>\n5. **Contact** : Les utilisateurs peuvent contacter le responsable de la protection des renseignements personnels pour toute question ou demande.<\/p>\n<p>En r\u00e9sum\u00e9, cet avis de confidentialit\u00e9 d\u00e9crit les pratiques de protection des renseignements personnels de HGr\u00e9goire et les droits des utilisateurs. Il est important pour les utilisateurs de comprendre ces pratiques et de contacter le responsable de la protection des renseignements personnels si ils ont des questions ou des pr\u00e9occupations.<\/p><\/div>\n","protected":false},"excerpt":{"rendered":"<p>Cet avis de confidentialit\u00e9 est une politique de protection des renseignements personnels qui d\u00e9crit comment HGr\u00e9goire, une entreprise, collecte, utilise et prot\u00e8ge les renseignements personnels des utilisateurs de ses services. L&#8217;avis couvre les droits des utilisateurs, la collecte et l&#8217;utilisation des renseignements personnels, la s\u00e9curit\u00e9, les mesures de s\u00e9curit\u00e9, et la mani\u00e8re dont les utilisateurs [&hellip;]<\/p>\n","protected":false},"author":1,"featured_media":0,"parent":0,"menu_order":0,"comment_status":"closed","ping_status":"closed","template":"","meta":{"_acf_changed":false,"slim_seo":{"title":"Privacy Policy - Donnacona Chrysler","description":"Cet avis de confidentialit\u00e9 est une politique de protection des renseignements personnels qui d\u00e9crit comment HGr\u00e9goire, une entreprise, collecte, utilise et pro"},"footnotes":""},"class_list":["post-2365","page","type-page","status-publish","hentry"],"acf":[],"_links":{"self":[{"href":"https:\/\/donnaconachrysler.com\/en\/wp-json\/wp\/v2\/pages\/2365","targetHints":{"allow":["GET"]}}],"collection":[{"href":"https:\/\/donnaconachrysler.com\/en\/wp-json\/wp\/v2\/pages"}],"about":[{"href":"https:\/\/donnaconachrysler.com\/en\/wp-json\/wp\/v2\/types\/page"}],"author":[{"embeddable":true,"href":"https:\/\/donnaconachrysler.com\/en\/wp-json\/wp\/v2\/users\/1"}],"replies":[{"embeddable":true,"href":"https:\/\/donnaconachrysler.com\/en\/wp-json\/wp\/v2\/comments?post=2365"}],"version-history":[{"count":0,"href":"https:\/\/donnaconachrysler.com\/en\/wp-json\/wp\/v2\/pages\/2365\/revisions"}],"wp:attachment":[{"href":"https:\/\/donnaconachrysler.com\/en\/wp-json\/wp\/v2\/media?parent=2365"}],"curies":[{"name":"wp","href":"https:\/\/api.w.org\/{rel}","templated":true}]}}