{"id":2345,"date":"2025-12-10T20:50:55","date_gmt":"2025-12-11T01:50:55","guid":{"rendered":"https:\/\/stereoto.stereodev.ca\/about\/"},"modified":"2026-03-30T11:59:56","modified_gmt":"2026-03-30T15:59:56","slug":"about","status":"publish","type":"page","link":"https:\/\/donnaconachrysler.com\/en\/about\/","title":{"rendered":"About"},"content":{"rendered":"\n<section class=\"wp-block-stereo-section-bloc section-block-normal\"><div class=\"wp-block-stereo-section__container\"><div class=\"wp-block-stereo-section__col is-layout-flow wp-block-stereo-section-bloc-is-layout-flow\">\n<p>Founded in 2001 by the Dusablon family, Groupe Le Prix du Gros has successfully developed over the years. Bringing together today 13 of the largest automotive brands in 11 different dealerships, our company is among the largest networks of new and pre-owned vehicles in Quebec. With over 5,000 vehicles in inventory and exceptional customer service, Le Prix du Gros is undoubtedly a player that stands out in the automotive industry. <\/p>\n\n\n\n<p>The group, made up of Kia Trois-Rivi\u00e8res, Kia Cap-Sant\u00e9, Kia Laurier-Station, Hyundai Trois-Rivi\u00e8res, Nissan Trois-Rivi\u00e8res, Nissan Shawinigan, Donnacona Chrysler, Mazda Trois-Rivi\u00e8res, Laurier-Station Chevrolet, Volvo Trois-Rivi\u00e8res, and the M\u00e9ga centre d&#8217;occasion (Mega Used Vehicle Center), is composed of over 650 dedicated employees who are committed to the success of the constantly growing company.<\/p>\n<\/div><\/div><\/section>\n\n\n\n<section class=\"wp-block-stereo-section-bloc has-theme-bg-primary-background-color has-background section-block-normal\"><div class=\"wp-block-stereo-section__container\"><div class=\"wp-block-stereo-section__col is-layout-flow wp-block-stereo-section-bloc-is-layout-flow\">\n<div class=\"wp-block-group is-layout-grid wp-container-core-group-is-layout-988b637e wp-block-group-is-layout-grid has-3-columns is-grid-layout\">\n<div class=\"wp-block-group is-layout-constrained wp-block-group-is-layout-constrained\">\n<h3 class=\"wp-block-heading has-text-align-center has-h-1-font-size\" style=\"margin-top:0;margin-bottom:var(--wp--preset--spacing--xs)\">11<\/h3>\n\n\n\n<h3 class=\"wp-block-heading has-text-align-center\" style=\"margin-top:var(--wp--preset--spacing--xs);margin-bottom:var(--wp--preset--spacing--xs)\">dealerships<\/h3>\n\n\n\n<p class=\"has-text-align-center\" style=\"margin-top:var(--wp--preset--spacing--xs);margin-bottom:0\">between Quebec City and Montreal<\/p>\n<\/div>\n\n\n\n<div class=\"wp-block-group is-layout-constrained wp-block-group-is-layout-constrained\">\n<h3 class=\"wp-block-heading has-text-align-center has-h-1-font-size\" style=\"margin-top:0;margin-bottom:var(--wp--preset--spacing--xs)\">13<\/h3>\n\n\n\n<h3 class=\"wp-block-heading has-text-align-center\" style=\"margin-top:var(--wp--preset--spacing--xs);margin-bottom:var(--wp--preset--spacing--xs)\">major automotive brands<\/h3>\n<\/div>\n\n\n\n<div class=\"wp-block-group is-vertical is-content-justification-center is-layout-flex wp-container-core-group-is-layout-f59875ee wp-block-group-is-layout-flex\">\n<h3 class=\"wp-block-heading has-text-align-center\">Largest vehicle inventory<\/h3>\n<\/div>\n<\/div>\n<\/div><\/div><\/section>\n\n\n\n<section class=\"wp-block-stereo-section-bloc section-block-normal\"><div class=\"wp-block-stereo-section__container\"><div class=\"wp-block-stereo-section__col is-layout-flow wp-block-stereo-section-bloc-is-layout-flow\">\n<p>Whatever your automotive needs, you can fulfill them at any Le Prix du Gros dealership. Thanks to our sales, service, financing, mechanical, detailing (aesthetics), body shop, and parts departments, we can meet all your requirements. Our priority is customer satisfaction, which is why we offer high-quality, trustworthy service. No matter what vehicle you are looking for, we are committed to finding it for you, always offering you the lowest price!<\/p>\n<\/div><\/div><\/section>\n\n\n\n<section class=\"wp-block-stereo-section-bloc section-block-normal\"><div class=\"wp-block-stereo-section__container\"><div class=\"wp-block-stereo-section__col is-layout-flow wp-block-stereo-section-bloc-is-layout-flow\">\n<div class=\"wp-block-group is-layout-grid wp-container-core-group-is-layout-b757edec wp-block-group-is-layout-grid has-2-columns is-grid-layout\">\n<div class=\"wp-block-group is-layout-constrained wp-block-group-is-layout-constrained\">\n<h2 class=\"wp-block-heading has-text-align-center\">Denis Dusablon<\/h2>\n\n\n\n<p class=\"has-text-align-center\">Founding President<\/p>\n<\/div>\n\n\n\n<div class=\"wp-block-group is-layout-constrained wp-block-group-is-layout-constrained\">\n<h2 class=\"wp-block-heading has-text-align-center\">Benoit Dusablon<\/h2>\n\n\n\n<p class=\"has-text-align-center\">President and CEO<\/p>\n<\/div>\n<\/div>\n<\/div><\/div><\/section>\n\n\n\n<p><\/p>\n","protected":false},"excerpt":{"rendered":"","protected":false},"author":1,"featured_media":0,"parent":0,"menu_order":0,"comment_status":"closed","ping_status":"closed","template":"","meta":{"_acf_changed":false,"slim_seo":{"title":"About - Donnacona Chrysler","description":""},"footnotes":""},"class_list":["post-2345","page","type-page","status-publish","hentry"],"acf":[],"_links":{"self":[{"href":"https:\/\/donnaconachrysler.com\/en\/wp-json\/wp\/v2\/pages\/2345","targetHints":{"allow":["GET"]}}],"collection":[{"href":"https:\/\/donnaconachrysler.com\/en\/wp-json\/wp\/v2\/pages"}],"about":[{"href":"https:\/\/donnaconachrysler.com\/en\/wp-json\/wp\/v2\/types\/page"}],"author":[{"embeddable":true,"href":"https:\/\/donnaconachrysler.com\/en\/wp-json\/wp\/v2\/users\/1"}],"replies":[{"embeddable":true,"href":"https:\/\/donnaconachrysler.com\/en\/wp-json\/wp\/v2\/comments?post=2345"}],"version-history":[{"count":1,"href":"https:\/\/donnaconachrysler.com\/en\/wp-json\/wp\/v2\/pages\/2345\/revisions"}],"predecessor-version":[{"id":324720,"href":"https:\/\/donnaconachrysler.com\/en\/wp-json\/wp\/v2\/pages\/2345\/revisions\/324720"}],"wp:attachment":[{"href":"https:\/\/donnaconachrysler.com\/en\/wp-json\/wp\/v2\/media?parent=2345"}],"curies":[{"name":"wp","href":"https:\/\/api.w.org\/{rel}","templated":true}]}}